{"id":193,"date":"2017-03-17T23:39:33","date_gmt":"2017-03-17T23:39:33","guid":{"rendered":"http:\/\/grildimfastfood.rs\/?page_id=193"},"modified":"2025-07-08T10:29:26","modified_gmt":"2025-07-08T10:29:26","slug":"sendvici","status":"publish","type":"page","link":"https:\/\/grildimfastfood.rs\/index.php\/sendvici\/","title":{"rendered":"Sendvi\u010di"},"content":{"rendered":"<div id=\"pl-193\"  class=\"panel-layout\" ><div id=\"pg-193-0\"  class=\"panel-grid panel-has-style\" ><div class=\"panel-row-style panel-row-style-for-193-0\" ><div id=\"pgc-193-0-0\"  class=\"panel-grid-cell\" ><div id=\"panel-193-0-0-0\" class=\"so-panel widget widget_sow-editor panel-first-child panel-last-child\" data-index=\"0\" ><div\n\t\t\t\n\t\t\tclass=\"so-widget-sow-editor so-widget-sow-editor-base\"\n\t\t\t\n\t\t>\n<div class=\"siteorigin-widget-tinymce textwidget\">\n\t<p><img loading=\"lazy\" decoding=\"async\" class=\"alignnone size-medium wp-image-293\" src=\"http:\/\/grildimfastfood.rs\/wp-content\/uploads\/2017\/03\/sendvic-sunka-300x143.jpg\" alt=\"\" width=\"300\" height=\"143\" srcset=\"https:\/\/grildimfastfood.rs\/wp-content\/uploads\/2017\/03\/sendvic-sunka-300x143.jpg 300w, https:\/\/grildimfastfood.rs\/wp-content\/uploads\/2017\/03\/sendvic-sunka.jpg 630w\" sizes=\"auto, (max-width: 300px) 100vw, 300px\" \/><\/p>\n<\/div>\n<\/div><\/div><\/div><div id=\"pgc-193-0-1\"  class=\"panel-grid-cell\" ><div id=\"panel-193-0-1-0\" class=\"so-panel widget widget_sow-editor panel-first-child panel-last-child\" data-index=\"1\" ><div\n\t\t\t\n\t\t\tclass=\"so-widget-sow-editor so-widget-sow-editor-base\"\n\t\t\t\n\t\t>\n<div class=\"siteorigin-widget-tinymce textwidget\">\n\t<h4>Sendvi\u010d sa \u0161unkom<\/h4>\n<p>\u0160unka,ka\u010dkavalj,pavlaka<\/p>\n<h4><span style=\"color: #e63030;\">380 dinara<\/span><\/h4>\n<\/div>\n<\/div><\/div><\/div><div id=\"pgc-193-0-2\"  class=\"panel-grid-cell\" ><div id=\"panel-193-0-2-0\" class=\"so-panel widget widget_sow-editor panel-first-child panel-last-child\" data-index=\"2\" ><div\n\t\t\t\n\t\t\tclass=\"so-widget-sow-editor so-widget-sow-editor-base\"\n\t\t\t\n\t\t>\n<div class=\"siteorigin-widget-tinymce textwidget\">\n\t<p><img loading=\"lazy\" decoding=\"async\" class=\"alignnone size-medium wp-image-296\" src=\"http:\/\/grildimfastfood.rs\/wp-content\/uploads\/2017\/03\/sendvic-300x212.jpg\" alt=\"\" width=\"300\" height=\"212\" srcset=\"https:\/\/grildimfastfood.rs\/wp-content\/uploads\/2017\/03\/sendvic-300x212.jpg 300w, https:\/\/grildimfastfood.rs\/wp-content\/uploads\/2017\/03\/sendvic-768x541.jpg 768w, https:\/\/grildimfastfood.rs\/wp-content\/uploads\/2017\/03\/sendvic.jpg 800w\" sizes=\"auto, (max-width: 300px) 100vw, 300px\" \/><\/p>\n<\/div>\n<\/div><\/div><\/div><div id=\"pgc-193-0-3\"  class=\"panel-grid-cell\" ><div id=\"panel-193-0-3-0\" class=\"so-panel widget widget_sow-editor panel-first-child panel-last-child\" data-index=\"3\" ><div\n\t\t\t\n\t\t\tclass=\"so-widget-sow-editor so-widget-sow-editor-base\"\n\t\t\t\n\t\t>\n<div class=\"siteorigin-widget-tinymce textwidget\">\n\t<h4>Sendvi\u010d sa\u00a0pe\u010denicom<\/h4>\n<p>Pe\u010denica,ka\u010dkavalj,pavlaka<\/p>\n<h4><span style=\"color: #e63030;\">400 dinara<\/span><\/h4>\n<\/div>\n<\/div><\/div><\/div><\/div><\/div><div id=\"pg-193-1\"  class=\"panel-grid panel-has-style\" ><div class=\"panel-row-style panel-row-style-for-193-1\" ><div id=\"pgc-193-1-0\"  class=\"panel-grid-cell\" ><div id=\"panel-193-1-0-0\" class=\"so-panel widget widget_sow-editor panel-first-child panel-last-child\" data-index=\"4\" ><div\n\t\t\t\n\t\t\tclass=\"so-widget-sow-editor so-widget-sow-editor-base\"\n\t\t\t\n\t\t>\n<div class=\"siteorigin-widget-tinymce textwidget\">\n\t<p><img loading=\"lazy\" decoding=\"async\" class=\"alignnone size-medium wp-image-294\" src=\"http:\/\/grildimfastfood.rs\/wp-content\/uploads\/2017\/03\/kulenn-300x200.jpg\" alt=\"\" width=\"300\" height=\"200\" srcset=\"https:\/\/grildimfastfood.rs\/wp-content\/uploads\/2017\/03\/kulenn-300x200.jpg 300w, https:\/\/grildimfastfood.rs\/wp-content\/uploads\/2017\/03\/kulenn-272x182.jpg 272w, https:\/\/grildimfastfood.rs\/wp-content\/uploads\/2017\/03\/kulenn.jpg 600w\" sizes=\"auto, (max-width: 300px) 100vw, 300px\" \/><\/p>\n<\/div>\n<\/div><\/div><\/div><div id=\"pgc-193-1-1\"  class=\"panel-grid-cell\" ><div id=\"panel-193-1-1-0\" class=\"so-panel widget widget_sow-editor panel-first-child panel-last-child\" data-index=\"5\" ><div\n\t\t\t\n\t\t\tclass=\"so-widget-sow-editor so-widget-sow-editor-base\"\n\t\t\t\n\t\t>\n<div class=\"siteorigin-widget-tinymce textwidget\">\n\t<h4>Sendvi\u010d sa\u00a0kulenom<\/h4>\n<p>Kulen,ka\u010dkavalj,pavlaka<\/p>\n<h4><span style=\"color: #e63030;\">400 dinara<\/span><\/h4>\n<\/div>\n<\/div><\/div><\/div><div id=\"pgc-193-1-2\"  class=\"panel-grid-cell\" ><div id=\"panel-193-1-2-0\" class=\"so-panel widget widget_sow-editor panel-first-child panel-last-child\" data-index=\"6\" ><div\n\t\t\t\n\t\t\tclass=\"so-widget-sow-editor so-widget-sow-editor-base\"\n\t\t\t\n\t\t>\n<div class=\"siteorigin-widget-tinymce textwidget\">\n\t<p><img loading=\"lazy\" decoding=\"async\" class=\"alignnone size-medium wp-image-295\" src=\"http:\/\/grildimfastfood.rs\/wp-content\/uploads\/2017\/03\/kajj-300x225.jpg\" alt=\"\" width=\"300\" height=\"225\" srcset=\"https:\/\/grildimfastfood.rs\/wp-content\/uploads\/2017\/03\/kajj-300x225.jpg 300w, https:\/\/grildimfastfood.rs\/wp-content\/uploads\/2017\/03\/kajj.jpg 640w\" sizes=\"auto, (max-width: 300px) 100vw, 300px\" \/><\/p>\n<\/div>\n<\/div><\/div><\/div><div id=\"pgc-193-1-3\"  class=\"panel-grid-cell\" ><div id=\"panel-193-1-3-0\" class=\"so-panel widget widget_sow-editor panel-first-child panel-last-child\" data-index=\"7\" ><div\n\t\t\t\n\t\t\tclass=\"so-widget-sow-editor so-widget-sow-editor-base\"\n\t\t\t\n\t\t>\n<div class=\"siteorigin-widget-tinymce textwidget\">\n\t<h4>Sendvi\u010d sa\u00a0kajmakom<\/h4>\n<p>Kajmak,pe\u010denica,kulen<\/p>\n<h4><span style=\"color: #e63030;\">530 dinara<\/span><\/h4>\n<\/div>\n<\/div><\/div><\/div><\/div><\/div><div id=\"pg-193-2\"  class=\"panel-grid panel-no-style\" ><div id=\"pgc-193-2-0\"  class=\"panel-grid-cell\" ><div id=\"panel-193-2-0-0\" class=\"so-panel widget widget_divider panel-first-child panel-last-child\" data-index=\"8\" ><div\n\t\t\t\n\t\t\tclass=\"so-widget-divider so-widget-divider-divider-style-d75171398898-193\"\n\t\t\t\n\t\t>\r\n\r\n\r\n\r\n<hr class=\"so-divider\" style=\"border-style:solid; border-width:0 0 4px 0; border-color:#e63030; margin-top: px; margin-bottom: px; \"><\/div><\/div><\/div><\/div><div id=\"pg-193-3\"  class=\"panel-grid panel-no-style\" ><div id=\"pgc-193-3-0\"  class=\"panel-grid-cell\" ><div id=\"panel-193-3-0-0\" class=\"so-panel widget widget_sow-headline panel-first-child panel-last-child\" data-index=\"9\" ><div\n\t\t\t\n\t\t\tclass=\"so-widget-sow-headline so-widget-sow-headline-default-fc5866887030-193\"\n\t\t\t\n\t\t><div class=\"sow-headline-container \">\n\t\t\t\t\t\t\t<h2 class=\"sow-headline\">\n\t\t\t\t\t\tDODACI UZ SENDVI\u010c\t\t\t\t\t\t<\/h2>\n\t\t\t\t\t\t\t\t\t\t\t<div class=\"decoration\">\n\t\t\t\t\t\t<div class=\"decoration-inside\"><\/div>\n\t\t\t\t\t<\/div>\n\t\t\t\t\t<\/div>\n<\/div><\/div><\/div><\/div><div id=\"pg-193-4\"  class=\"panel-grid panel-no-style\" ><div id=\"pgc-193-4-0\"  class=\"panel-grid-cell panel-grid-cell-empty\" ><\/div><\/div><div id=\"pg-193-5\"  class=\"panel-grid panel-has-style\" ><div class=\"panel-row-style panel-row-style-for-193-5\" ><div id=\"pgc-193-5-0\"  class=\"panel-grid-cell\" ><div id=\"panel-193-5-0-0\" class=\"so-panel widget widget_sow-editor panel-first-child panel-last-child\" data-index=\"10\" ><div\n\t\t\t\n\t\t\tclass=\"so-widget-sow-editor so-widget-sow-editor-base\"\n\t\t\t\n\t\t>\n<div class=\"siteorigin-widget-tinymce textwidget\">\n\t<p><img loading=\"lazy\" decoding=\"async\" class=\"alignnone size-medium wp-image-288\" src=\"http:\/\/grildimfastfood.rs\/wp-content\/uploads\/2017\/03\/tortilja-300x232.jpg\" alt=\"\" width=\"300\" height=\"232\" srcset=\"https:\/\/grildimfastfood.rs\/wp-content\/uploads\/2017\/03\/tortilja-300x232.jpg 300w, https:\/\/grildimfastfood.rs\/wp-content\/uploads\/2017\/03\/tortilja.jpg 496w\" sizes=\"auto, (max-width: 300px) 100vw, 300px\" \/><\/p>\n<\/div>\n<\/div><\/div><\/div><div id=\"pgc-193-5-1\"  class=\"panel-grid-cell\" ><div id=\"panel-193-5-1-0\" class=\"so-panel widget widget_sow-editor panel-first-child panel-last-child\" data-index=\"11\" ><div\n\t\t\t\n\t\t\tclass=\"so-widget-sow-editor so-widget-sow-editor-base\"\n\t\t\t\n\t\t>\n<div class=\"siteorigin-widget-tinymce textwidget\">\n\t<h4>Dodatak<\/h4>\n<h4>Somun ili Tortilja<\/h4>\n<h4><span style=\"color: #e63030;\">50 dinara<\/span><\/h4>\n<\/div>\n<\/div><\/div><\/div><div id=\"pgc-193-5-2\"  class=\"panel-grid-cell\" ><div id=\"panel-193-5-2-0\" class=\"so-panel widget widget_sow-editor panel-first-child panel-last-child\" data-index=\"12\" ><div\n\t\t\t\n\t\t\tclass=\"so-widget-sow-editor so-widget-sow-editor-base\"\n\t\t\t\n\t\t>\n<div class=\"siteorigin-widget-tinymce textwidget\">\n\t<p><img loading=\"lazy\" decoding=\"async\" class=\"alignnone size-medium wp-image-292\" src=\"http:\/\/grildimfastfood.rs\/wp-content\/uploads\/2017\/03\/kajmak-300x146.jpg\" alt=\"\" width=\"300\" height=\"146\" srcset=\"https:\/\/grildimfastfood.rs\/wp-content\/uploads\/2017\/03\/kajmak-300x146.jpg 300w, https:\/\/grildimfastfood.rs\/wp-content\/uploads\/2017\/03\/kajmak.jpg 700w\" sizes=\"auto, (max-width: 300px) 100vw, 300px\" \/><\/p>\n<\/div>\n<\/div><\/div><\/div><div id=\"pgc-193-5-3\"  class=\"panel-grid-cell\" ><div id=\"panel-193-5-3-0\" class=\"so-panel widget widget_sow-editor panel-first-child panel-last-child\" data-index=\"13\" ><div\n\t\t\t\n\t\t\tclass=\"so-widget-sow-editor so-widget-sow-editor-base\"\n\t\t\t\n\t\t>\n<div class=\"siteorigin-widget-tinymce textwidget\">\n\t<h4>Dodatak<\/h4>\n<h4>Doma\u0107i kajmak prilog<\/h4>\n<h4><span style=\"color: #e63030;\">150 dinara<\/span><\/h4>\n<\/div>\n<\/div><\/div><\/div><\/div><\/div><div id=\"pg-193-6\"  class=\"panel-grid panel-has-style\" ><div class=\"panel-row-style panel-row-style-for-193-6\" ><div id=\"pgc-193-6-0\"  class=\"panel-grid-cell\" ><div id=\"panel-193-6-0-0\" class=\"so-panel widget widget_sow-editor panel-first-child panel-last-child\" data-index=\"14\" ><div\n\t\t\t\n\t\t\tclass=\"so-widget-sow-editor so-widget-sow-editor-base\"\n\t\t\t\n\t\t>\n<div class=\"siteorigin-widget-tinymce textwidget\">\n\t<p><img loading=\"lazy\" decoding=\"async\" class=\"alignnone size-medium wp-image-290\" src=\"http:\/\/grildimfastfood.rs\/wp-content\/uploads\/2017\/03\/kozji-kackavalj-obicni-2-300x225.jpg\" alt=\"\" width=\"300\" height=\"225\" srcset=\"https:\/\/grildimfastfood.rs\/wp-content\/uploads\/2017\/03\/kozji-kackavalj-obicni-2-300x225.jpg 300w, https:\/\/grildimfastfood.rs\/wp-content\/uploads\/2017\/03\/kozji-kackavalj-obicni-2-768x576.jpg 768w, https:\/\/grildimfastfood.rs\/wp-content\/uploads\/2017\/03\/kozji-kackavalj-obicni-2.jpg 800w\" sizes=\"auto, (max-width: 300px) 100vw, 300px\" \/><\/p>\n<\/div>\n<\/div><\/div><\/div><div id=\"pgc-193-6-1\"  class=\"panel-grid-cell\" ><div id=\"panel-193-6-1-0\" class=\"so-panel widget widget_sow-editor panel-first-child panel-last-child\" data-index=\"15\" ><div\n\t\t\t\n\t\t\tclass=\"so-widget-sow-editor so-widget-sow-editor-base\"\n\t\t\t\n\t\t>\n<div class=\"siteorigin-widget-tinymce textwidget\">\n\t<h4>Dodatak<\/h4>\n<h4>Ka\u010dkavalj prilog<\/h4>\n<h4><span style=\"color: #e63030;\">130 dinara<\/span><\/h4>\n<\/div>\n<\/div><\/div><\/div><div id=\"pgc-193-6-2\"  class=\"panel-grid-cell\" ><div id=\"panel-193-6-2-0\" class=\"so-panel widget widget_sow-editor panel-first-child panel-last-child\" data-index=\"16\" ><div\n\t\t\t\n\t\t\tclass=\"so-widget-sow-editor so-widget-sow-editor-base\"\n\t\t\t\n\t\t>\n<div class=\"siteorigin-widget-tinymce textwidget\">\n\t<p><img loading=\"lazy\" decoding=\"async\" class=\"alignnone size-medium wp-image-291\" src=\"http:\/\/grildimfastfood.rs\/wp-content\/uploads\/2017\/03\/ruska-salata-820x490-300x179.jpg\" alt=\"\" width=\"300\" height=\"179\" srcset=\"https:\/\/grildimfastfood.rs\/wp-content\/uploads\/2017\/03\/ruska-salata-820x490-300x179.jpg 300w, https:\/\/grildimfastfood.rs\/wp-content\/uploads\/2017\/03\/ruska-salata-820x490-768x459.jpg 768w, https:\/\/grildimfastfood.rs\/wp-content\/uploads\/2017\/03\/ruska-salata-820x490.jpg 820w\" sizes=\"auto, (max-width: 300px) 100vw, 300px\" \/><\/p>\n<\/div>\n<\/div><\/div><\/div><div id=\"pgc-193-6-3\"  class=\"panel-grid-cell\" ><div id=\"panel-193-6-3-0\" class=\"so-panel widget widget_sow-editor panel-first-child panel-last-child\" data-index=\"17\" ><div\n\t\t\t\n\t\t\tclass=\"so-widget-sow-editor so-widget-sow-editor-base\"\n\t\t\t\n\t\t>\n<div class=\"siteorigin-widget-tinymce textwidget\">\n\t<h4>Dodatak<\/h4>\n<h4>Ruska salata prilog<\/h4>\n<h4><span style=\"color: #e63030;\">120 dinara<\/span><\/h4>\n<\/div>\n<\/div><\/div><\/div><\/div><\/div><div id=\"pg-193-7\"  class=\"panel-grid panel-no-style\" ><div id=\"pgc-193-7-0\"  class=\"panel-grid-cell\" ><div id=\"panel-193-7-0-0\" class=\"so-panel widget widget_divider panel-first-child panel-last-child\" data-index=\"18\" ><div\n\t\t\t\n\t\t\tclass=\"so-widget-divider so-widget-divider-divider-style-d75171398898-193\"\n\t\t\t\n\t\t>\r\n\r\n\r\n\r\n<hr class=\"so-divider\" style=\"border-style:solid; border-width:0 0 4px 0; border-color:#e63030; margin-top: px; margin-bottom: px; \"><\/div><\/div><\/div><\/div><div id=\"pg-193-8\"  class=\"panel-grid panel-no-style\" ><div id=\"pgc-193-8-0\"  class=\"panel-grid-cell\" ><div id=\"panel-193-8-0-0\" class=\"so-panel widget widget_sow-editor panel-first-child panel-last-child\" data-index=\"19\" ><div class=\"panel-widget-style panel-widget-style-for-193-8-0-0\" ><div\n\t\t\t\n\t\t\tclass=\"so-widget-sow-editor so-widget-sow-editor-base\"\n\t\t\t\n\t\t>\n<div class=\"siteorigin-widget-tinymce textwidget\">\n\t<h2 style=\"text-align: center;\"><span style=\"color: #ffffff;\">LEPINJA SA KAJMAKOM<\/span><\/h2>\n<h3 style=\"text-align: center;\"><span style=\"color: #ffffff;\">Prava srpska poslastica koju takodje spremamo kod nas<\/span><br \/>\n<span style=\"color: #ffffff;\">Probajte i uzivajte u ukusu!<\/span><\/h3>\n<\/div>\n<\/div><\/div><\/div><\/div><\/div><div id=\"pg-193-9\"  class=\"panel-grid panel-no-style\" ><div id=\"pgc-193-9-0\"  class=\"panel-grid-cell\" ><div id=\"panel-193-9-0-0\" class=\"so-panel widget widget_divider panel-first-child panel-last-child\" data-index=\"20\" ><div\n\t\t\t\n\t\t\tclass=\"so-widget-divider so-widget-divider-divider-style-d75171398898-193\"\n\t\t\t\n\t\t>\r\n\r\n\r\n\r\n<hr class=\"so-divider\" style=\"border-style:solid; border-width:0 0 4px 0; border-color:#e63030; margin-top: px; margin-bottom: px; \"><\/div><\/div><\/div><\/div><div id=\"pg-193-10\"  class=\"panel-grid panel-no-style\" ><div id=\"pgc-193-10-0\"  class=\"panel-grid-cell\" ><div id=\"panel-193-10-0-0\" class=\"so-panel widget widget_sow-button panel-first-child panel-last-child\" data-index=\"21\" ><div\n\t\t\t\n\t\t\tclass=\"so-widget-sow-button so-widget-sow-button-atom-4ac0f1a33e4a-193\"\n\t\t\t\n\t\t><div class=\"ow-button-base ow-button-align-center\"\n>\n\t\t\t<a\n\t\t\t\t\thref=\"https:\/\/grildimfastfood.rs\/index.php\/pica\/\"\n\t\t\t\t\tclass=\"sowb-button ow-icon-placement-left ow-button-hover\" \t>\n\t\t<span>\n\t\t\t\n\t\t\tMo\u017eda ste i za neko pi\u0107e uz ovakvo dobro jelo? &gt;&gt;\t\t<\/span>\n\t\t\t<\/a>\n\t<\/div>\n<\/div><\/div><\/div><\/div><\/div>","protected":false},"excerpt":{"rendered":"<p>Sendvi\u010d sa \u0161unkom \u0160unka,ka\u010dkavalj,pavlaka 380 dinara Sendvi\u010d sa\u00a0pe\u010denicom Pe\u010denica,ka\u010dkavalj,pavlaka 400 dinara Sendvi\u010d sa\u00a0kulenom Kulen,ka\u010dkavalj,pavlaka 400 dinara Sendvi\u010d sa\u00a0kajmakom Kajmak,pe\u010denica,kulen 530 dinara<\/p>\n","protected":false},"author":1,"featured_media":0,"parent":0,"menu_order":0,"comment_status":"closed","ping_status":"closed","template":"","meta":{"om_disable_all_campaigns":false,"footnotes":""},"class_list":["post-193","page","type-page","status-publish","czr-hentry"],"_links":{"self":[{"href":"https:\/\/grildimfastfood.rs\/index.php\/wp-json\/wp\/v2\/pages\/193","targetHints":{"allow":["GET"]}}],"collection":[{"href":"https:\/\/grildimfastfood.rs\/index.php\/wp-json\/wp\/v2\/pages"}],"about":[{"href":"https:\/\/grildimfastfood.rs\/index.php\/wp-json\/wp\/v2\/types\/page"}],"author":[{"embeddable":true,"href":"https:\/\/grildimfastfood.rs\/index.php\/wp-json\/wp\/v2\/users\/1"}],"replies":[{"embeddable":true,"href":"https:\/\/grildimfastfood.rs\/index.php\/wp-json\/wp\/v2\/comments?post=193"}],"version-history":[{"count":5,"href":"https:\/\/grildimfastfood.rs\/index.php\/wp-json\/wp\/v2\/pages\/193\/revisions"}],"predecessor-version":[{"id":763,"href":"https:\/\/grildimfastfood.rs\/index.php\/wp-json\/wp\/v2\/pages\/193\/revisions\/763"}],"wp:attachment":[{"href":"https:\/\/grildimfastfood.rs\/index.php\/wp-json\/wp\/v2\/media?parent=193"}],"curies":[{"name":"wp","href":"https:\/\/api.w.org\/{rel}","templated":true}]}}