{"id":187,"date":"2017-03-17T23:35:41","date_gmt":"2017-03-17T23:35:41","guid":{"rendered":"http:\/\/grildimfastfood.rs\/?page_id=187"},"modified":"2025-07-08T07:51:06","modified_gmt":"2025-07-08T07:51:06","slug":"jela-iz-friteze","status":"publish","type":"page","link":"https:\/\/grildimfastfood.rs\/index.php\/jela-iz-friteze\/","title":{"rendered":"Jela iz friteze"},"content":{"rendered":"<div id=\"pl-187\"  class=\"panel-layout\" ><div id=\"pg-187-0\"  class=\"panel-grid panel-no-style\" ><div id=\"pgc-187-0-0\"  class=\"panel-grid-cell\" ><div id=\"panel-187-0-0-0\" class=\"so-panel widget widget_sow-headline panel-first-child\" data-index=\"0\" ><div\n\t\t\t\n\t\t\tclass=\"so-widget-sow-headline so-widget-sow-headline-default-ea0af4cf39ae-187\"\n\t\t\t\n\t\t><div class=\"sow-headline-container \">\n\t\t\t\t\t\t<div class=\"decoration\">\n\t\t\t\t\t\t<div class=\"decoration-inside\"><\/div>\n\t\t\t\t\t<\/div>\n\t\t\t\t\t<\/div>\n<\/div><\/div><div id=\"panel-187-0-0-1\" class=\"so-panel widget widget_sow-editor panel-last-child\" data-index=\"1\" ><div\n\t\t\t\n\t\t\tclass=\"so-widget-sow-editor so-widget-sow-editor-base\"\n\t\t\t\n\t\t>\n<div class=\"siteorigin-widget-tinymce textwidget\">\n\t<\/div>\n<\/div><\/div><\/div><\/div><div id=\"pg-187-1\"  class=\"panel-grid panel-no-style\" ><div id=\"pgc-187-1-0\"  class=\"panel-grid-cell\" ><div id=\"panel-187-1-0-0\" class=\"so-panel widget widget_divider panel-first-child panel-last-child\" data-index=\"2\" ><div\n\t\t\t\n\t\t\tclass=\"so-widget-divider so-widget-divider-divider-style-d75171398898-187\"\n\t\t\t\n\t\t>\r\n\r\n\r\n\r\n<hr class=\"so-divider\" style=\"border-style:solid; border-width:0 0 4px 0; border-color:#e63030; margin-top: px; margin-bottom: px; \"><\/div><\/div><\/div><\/div><div id=\"pg-187-2\"  class=\"panel-grid panel-has-style\" ><div class=\"panel-row-style panel-row-style-for-187-2\" ><div id=\"pgc-187-2-0\"  class=\"panel-grid-cell\" ><div id=\"panel-187-2-0-0\" class=\"so-panel widget widget_sow-editor panel-first-child panel-last-child\" data-index=\"3\" ><div class=\"panel-widget-style panel-widget-style-for-187-2-0-0\" ><div\n\t\t\t\n\t\t\tclass=\"so-widget-sow-editor so-widget-sow-editor-base\"\n\t\t\t\n\t\t>\n<div class=\"siteorigin-widget-tinymce textwidget\">\n\t<p><img loading=\"lazy\" decoding=\"async\" class=\"alignnone size-medium wp-image-357\" src=\"http:\/\/grildimfastfood.rs\/wp-content\/uploads\/2017\/03\/pileca-300x200.jpg\" alt=\"\" width=\"300\" height=\"200\" srcset=\"https:\/\/grildimfastfood.rs\/wp-content\/uploads\/2017\/03\/pileca-300x200.jpg 300w, https:\/\/grildimfastfood.rs\/wp-content\/uploads\/2017\/03\/pileca-272x182.jpg 272w, https:\/\/grildimfastfood.rs\/wp-content\/uploads\/2017\/03\/pileca.jpg 620w\" sizes=\"auto, (max-width: 300px) 100vw, 300px\" \/><\/p>\n<\/div>\n<\/div><\/div><\/div><\/div><div id=\"pgc-187-2-1\"  class=\"panel-grid-cell\" ><div id=\"panel-187-2-1-0\" class=\"so-panel widget widget_sow-editor panel-first-child panel-last-child\" data-index=\"4\" ><div\n\t\t\t\n\t\t\tclass=\"so-widget-sow-editor so-widget-sow-editor-base\"\n\t\t\t\n\t\t>\n<div class=\"siteorigin-widget-tinymce textwidget\">\n\t<h4>VELIKA pile\u0107a be\u010dka (200gr)<\/h4>\n<h4><span style=\"color: #e63030;\">490 din<\/span><\/h4>\n<h4>*cena sa lan\u010d paketom <span style=\"color: #ff0000;\">68<\/span><span style=\"color: #e63030;\">0 din<\/span><\/h4>\n<\/div>\n<\/div><\/div><\/div><div id=\"pgc-187-2-2\"  class=\"panel-grid-cell\" ><div id=\"panel-187-2-2-0\" class=\"so-panel widget widget_sow-editor panel-first-child panel-last-child\" data-index=\"5\" ><div class=\"panel-widget-style panel-widget-style-for-187-2-2-0\" ><div\n\t\t\t\n\t\t\tclass=\"so-widget-sow-editor so-widget-sow-editor-base\"\n\t\t\t\n\t\t>\n<div class=\"siteorigin-widget-tinymce textwidget\">\n\t<p><img loading=\"lazy\" decoding=\"async\" class=\"alignnone size-medium wp-image-356\" src=\"http:\/\/grildimfastfood.rs\/wp-content\/uploads\/2017\/03\/svinjska-300x225.jpg\" alt=\"\" width=\"300\" height=\"225\" srcset=\"https:\/\/grildimfastfood.rs\/wp-content\/uploads\/2017\/03\/svinjska-300x225.jpg 300w, https:\/\/grildimfastfood.rs\/wp-content\/uploads\/2017\/03\/svinjska-768x576.jpg 768w, https:\/\/grildimfastfood.rs\/wp-content\/uploads\/2017\/03\/svinjska-1024x768.jpg 1024w, https:\/\/grildimfastfood.rs\/wp-content\/uploads\/2017\/03\/svinjska.jpg 1600w\" sizes=\"auto, (max-width: 300px) 100vw, 300px\" \/><\/p>\n<\/div>\n<\/div><\/div><\/div><\/div><div id=\"pgc-187-2-3\"  class=\"panel-grid-cell\" ><div id=\"panel-187-2-3-0\" class=\"so-panel widget widget_sow-editor panel-first-child panel-last-child\" data-index=\"6\" ><div\n\t\t\t\n\t\t\tclass=\"so-widget-sow-editor so-widget-sow-editor-base\"\n\t\t\t\n\t\t>\n<div class=\"siteorigin-widget-tinymce textwidget\">\n\t<h4>VELIKA svinjska be\u010dka (200gr)<\/h4>\n<h4><span style=\"color: #e63030;\">500 din<\/span><\/h4>\n<h4>*cena sa lan\u010d paketom <span style=\"color: #e63030;\">690 din<\/span><\/h4>\n<\/div>\n<\/div><\/div><\/div><\/div><\/div><div id=\"pg-187-3\"  class=\"panel-grid panel-has-style\" ><div class=\"panel-row-style panel-row-style-for-187-3\" ><div id=\"pgc-187-3-0\"  class=\"panel-grid-cell\" ><div id=\"panel-187-3-0-0\" class=\"so-panel widget widget_sow-editor panel-first-child panel-last-child\" data-index=\"7\" ><div class=\"panel-widget-style panel-widget-style-for-187-3-0-0\" ><div\n\t\t\t\n\t\t\tclass=\"so-widget-sow-editor so-widget-sow-editor-base\"\n\t\t\t\n\t\t>\n<div class=\"siteorigin-widget-tinymce textwidget\">\n\t<p><img loading=\"lazy\" decoding=\"async\" class=\"alignnone size-medium wp-image-355\" src=\"http:\/\/grildimfastfood.rs\/wp-content\/uploads\/2017\/03\/maxresdefault-300x169.jpg\" alt=\"\" width=\"300\" height=\"169\" srcset=\"https:\/\/grildimfastfood.rs\/wp-content\/uploads\/2017\/03\/maxresdefault-300x169.jpg 300w, https:\/\/grildimfastfood.rs\/wp-content\/uploads\/2017\/03\/maxresdefault-768x432.jpg 768w, https:\/\/grildimfastfood.rs\/wp-content\/uploads\/2017\/03\/maxresdefault-1024x576.jpg 1024w, https:\/\/grildimfastfood.rs\/wp-content\/uploads\/2017\/03\/maxresdefault.jpg 1920w\" sizes=\"auto, (max-width: 300px) 100vw, 300px\" \/><\/p>\n<\/div>\n<\/div><\/div><\/div><\/div><div id=\"pgc-187-3-1\"  class=\"panel-grid-cell\" ><div id=\"panel-187-3-1-0\" class=\"so-panel widget widget_sow-editor panel-first-child panel-last-child\" data-index=\"8\" ><div\n\t\t\t\n\t\t\tclass=\"so-widget-sow-editor so-widget-sow-editor-base\"\n\t\t\t\n\t\t>\n<div class=\"siteorigin-widget-tinymce textwidget\">\n\t<h4>Kara\u0111or\u0111eva \u0161nicla\u00a0(250gr)<\/h4>\n<h4><span style=\"color: #e63030;\">850 din<\/span><\/h4>\n<h4>*cena sa lan\u010d paketom <span style=\"color: #ff0000;\">100<\/span><span style=\"color: #e63030;\">0 din<\/span><\/h4>\n<\/div>\n<\/div><\/div><\/div><div id=\"pgc-187-3-2\"  class=\"panel-grid-cell\" ><div id=\"panel-187-3-2-0\" class=\"so-panel widget widget_sow-editor panel-first-child panel-last-child\" data-index=\"9\" ><div class=\"panel-widget-style panel-widget-style-for-187-3-2-0\" ><div\n\t\t\t\n\t\t\tclass=\"so-widget-sow-editor so-widget-sow-editor-base\"\n\t\t\t\n\t\t>\n<div class=\"siteorigin-widget-tinymce textwidget\">\n\t<p><img loading=\"lazy\" decoding=\"async\" class=\"alignnone size-medium wp-image-359\" src=\"http:\/\/grildimfastfood.rs\/wp-content\/uploads\/2017\/03\/pohovanikakavalj1-300x225.png\" alt=\"\" width=\"300\" height=\"225\" srcset=\"https:\/\/grildimfastfood.rs\/wp-content\/uploads\/2017\/03\/pohovanikakavalj1-300x225.png 300w, https:\/\/grildimfastfood.rs\/wp-content\/uploads\/2017\/03\/pohovanikakavalj1.png 514w\" sizes=\"auto, (max-width: 300px) 100vw, 300px\" \/><\/p>\n<\/div>\n<\/div><\/div><\/div><\/div><div id=\"pgc-187-3-3\"  class=\"panel-grid-cell\" ><div id=\"panel-187-3-3-0\" class=\"so-panel widget widget_sow-editor panel-first-child panel-last-child\" data-index=\"10\" ><div\n\t\t\t\n\t\t\tclass=\"so-widget-sow-editor so-widget-sow-editor-base\"\n\t\t\t\n\t\t>\n<div class=\"siteorigin-widget-tinymce textwidget\">\n\t<h4>Pohovani ka\u010dkavalj\u00a0(200gr)<\/h4>\n<h4><span style=\"color: #e63030;\">650 din<\/span><\/h4>\n<h4>*cena sa lan\u010d paketom <span style=\"color: #e63030;\">770 din<\/span><\/h4>\n<\/div>\n<\/div><\/div><\/div><\/div><\/div><div id=\"pg-187-4\"  class=\"panel-grid panel-has-style\" ><div class=\"panel-row-style panel-row-style-for-187-4\" ><div id=\"pgc-187-4-0\"  class=\"panel-grid-cell\" ><div id=\"panel-187-4-0-0\" class=\"so-panel widget widget_sow-editor panel-first-child panel-last-child\" data-index=\"11\" ><div class=\"panel-widget-style panel-widget-style-for-187-4-0-0\" ><div\n\t\t\t\n\t\t\tclass=\"so-widget-sow-editor so-widget-sow-editor-base\"\n\t\t\t\n\t\t>\n<div class=\"siteorigin-widget-tinymce textwidget\">\n\t<p><img loading=\"lazy\" decoding=\"async\" class=\"alignnone size-medium wp-image-350\" src=\"http:\/\/grildimfastfood.rs\/wp-content\/uploads\/2017\/03\/slider-friteza1-300x225.jpg\" alt=\"\" width=\"300\" height=\"225\" srcset=\"https:\/\/grildimfastfood.rs\/wp-content\/uploads\/2017\/03\/slider-friteza1-300x225.jpg 300w, https:\/\/grildimfastfood.rs\/wp-content\/uploads\/2017\/03\/slider-friteza1-768x576.jpg 768w, https:\/\/grildimfastfood.rs\/wp-content\/uploads\/2017\/03\/slider-friteza1-1024x768.jpg 1024w, https:\/\/grildimfastfood.rs\/wp-content\/uploads\/2017\/03\/slider-friteza1.jpg 1296w\" sizes=\"auto, (max-width: 300px) 100vw, 300px\" \/><\/p>\n<\/div>\n<\/div><\/div><\/div><\/div><div id=\"pgc-187-4-1\"  class=\"panel-grid-cell\" ><div id=\"panel-187-4-1-0\" class=\"so-panel widget widget_sow-editor panel-first-child panel-last-child\" data-index=\"12\" ><div\n\t\t\t\n\t\t\tclass=\"so-widget-sow-editor so-widget-sow-editor-base\"\n\t\t\t\n\t\t>\n<div class=\"siteorigin-widget-tinymce textwidget\">\n\t<h4>Pomfit (250gr)<\/h4>\n<h4><span style=\"color: #e63030;\">270 din<\/span><\/h4>\n<h4><\/h4>\n<\/div>\n<\/div><\/div><\/div><div id=\"pgc-187-4-2\"  class=\"panel-grid-cell\" ><div id=\"panel-187-4-2-0\" class=\"so-panel widget widget_sow-editor panel-first-child panel-last-child\" data-index=\"13\" ><div class=\"panel-widget-style panel-widget-style-for-187-4-2-0\" ><div\n\t\t\t\n\t\t\tclass=\"so-widget-sow-editor so-widget-sow-editor-base\"\n\t\t\t\n\t\t>\n<div class=\"siteorigin-widget-tinymce textwidget\">\n\t<p><img loading=\"lazy\" decoding=\"async\" class=\"alignnone size-medium wp-image-358\" src=\"http:\/\/grildimfastfood.rs\/wp-content\/uploads\/2017\/03\/poho-300x200.jpg\" alt=\"\" width=\"300\" height=\"200\" srcset=\"https:\/\/grildimfastfood.rs\/wp-content\/uploads\/2017\/03\/poho-300x200.jpg 300w, https:\/\/grildimfastfood.rs\/wp-content\/uploads\/2017\/03\/poho-768x512.jpg 768w, https:\/\/grildimfastfood.rs\/wp-content\/uploads\/2017\/03\/poho-1024x683.jpg 1024w, https:\/\/grildimfastfood.rs\/wp-content\/uploads\/2017\/03\/poho-272x182.jpg 272w\" sizes=\"auto, (max-width: 300px) 100vw, 300px\" \/><\/p>\n<\/div>\n<\/div><\/div><\/div><\/div><div id=\"pgc-187-4-3\"  class=\"panel-grid-cell\" ><div id=\"panel-187-4-3-0\" class=\"so-panel widget widget_sow-editor panel-first-child panel-last-child\" data-index=\"14\" ><div\n\t\t\t\n\t\t\tclass=\"so-widget-sow-editor so-widget-sow-editor-base\"\n\t\t\t\n\t\t>\n<div class=\"siteorigin-widget-tinymce textwidget\">\n\t<h4>Pohovana pala\u010dinka<\/h4>\n<h4>1. \u0160unka,ka\u010dkavalj,<br \/>\npavlaka,ke\u010dap - <span style=\"color: #ff0000;\">65<\/span><span style=\"color: #e63030;\">0 din<\/span><\/h4>\n<h4>2. Pe\u010denica,ka\u010dkavalj,<br \/>\npavlaka,ke\u010dap - <span style=\"color: #e63030;\">700 din<\/span><\/h4>\n<p>&nbsp;<\/p>\n<\/div>\n<\/div><\/div><\/div><\/div><\/div><div id=\"pg-187-5\"  class=\"panel-grid panel-no-style\" ><div id=\"pgc-187-5-0\"  class=\"panel-grid-cell\" ><div id=\"panel-187-5-0-0\" class=\"so-panel widget widget_divider panel-first-child panel-last-child\" data-index=\"15\" ><div\n\t\t\t\n\t\t\tclass=\"so-widget-divider so-widget-divider-divider-style-d75171398898-187\"\n\t\t\t\n\t\t>\r\n\r\n\r\n\r\n<hr class=\"so-divider\" style=\"border-style:solid; border-width:0 0 4px 0; border-color:#e63030; margin-top: px; margin-bottom: px; \"><\/div><\/div><\/div><\/div><div id=\"pg-187-6\"  class=\"panel-grid panel-no-style\" ><div id=\"pgc-187-6-0\"  class=\"panel-grid-cell\" ><div id=\"panel-187-6-0-0\" class=\"so-panel widget widget_sow-button panel-first-child panel-last-child\" data-index=\"16\" ><div\n\t\t\t\n\t\t\tclass=\"so-widget-sow-button so-widget-sow-button-atom-01f3bda58228-187\"\n\t\t\t\n\t\t><div class=\"ow-button-base ow-button-align-center\"\n>\n\t\t\t<a\n\t\t\t\t\thref=\"https:\/\/grildimfastfood.rs\/index.php\/pica\/\"\n\t\t\t\t\tclass=\"sowb-button ow-icon-placement-left ow-button-hover\" \t>\n\t\t<span>\n\t\t\t\n\t\t\tMo\u017eda ste i za neko pi\u0107e uz ovakvo dobro jelo? &gt;&gt;\t\t<\/span>\n\t\t\t<\/a>\n\t<\/div>\n<\/div><\/div><\/div><\/div><\/div>","protected":false},"excerpt":{"rendered":"<p>VELIKA pile\u0107a be\u010dka (200gr) 490 din *cena sa lan\u010d paketom 680 din VELIKA svinjska be\u010dka (200gr) 500 din *cena sa lan\u010d paketom 690 din Kara\u0111or\u0111eva \u0161nicla\u00a0(250gr) 850 din *cena sa lan\u010d paketom 1000 din Pohovani ka\u010dkavalj\u00a0(200gr) 650 din *cena sa lan\u010d paketom 770 din Pomfit (250gr) 270 din Pohovana pala\u010dinka 1. \u0160unka,ka\u010dkavalj, pavlaka,ke\u010dap &#8211; 650 [&hellip;]<\/p>\n","protected":false},"author":1,"featured_media":0,"parent":0,"menu_order":0,"comment_status":"closed","ping_status":"closed","template":"","meta":{"om_disable_all_campaigns":false,"footnotes":""},"class_list":["post-187","page","type-page","status-publish","czr-hentry"],"_links":{"self":[{"href":"https:\/\/grildimfastfood.rs\/index.php\/wp-json\/wp\/v2\/pages\/187","targetHints":{"allow":["GET"]}}],"collection":[{"href":"https:\/\/grildimfastfood.rs\/index.php\/wp-json\/wp\/v2\/pages"}],"about":[{"href":"https:\/\/grildimfastfood.rs\/index.php\/wp-json\/wp\/v2\/types\/page"}],"author":[{"embeddable":true,"href":"https:\/\/grildimfastfood.rs\/index.php\/wp-json\/wp\/v2\/users\/1"}],"replies":[{"embeddable":true,"href":"https:\/\/grildimfastfood.rs\/index.php\/wp-json\/wp\/v2\/comments?post=187"}],"version-history":[{"count":5,"href":"https:\/\/grildimfastfood.rs\/index.php\/wp-json\/wp\/v2\/pages\/187\/revisions"}],"predecessor-version":[{"id":750,"href":"https:\/\/grildimfastfood.rs\/index.php\/wp-json\/wp\/v2\/pages\/187\/revisions\/750"}],"wp:attachment":[{"href":"https:\/\/grildimfastfood.rs\/index.php\/wp-json\/wp\/v2\/media?parent=187"}],"curies":[{"name":"wp","href":"https:\/\/api.w.org\/{rel}","templated":true}]}}