{"id":185,"date":"2017-03-17T23:33:55","date_gmt":"2017-03-17T23:33:55","guid":{"rendered":"http:\/\/grildimfastfood.rs\/?page_id=185"},"modified":"2025-07-08T10:11:20","modified_gmt":"2025-07-08T10:11:20","slug":"palacinke","status":"publish","type":"page","link":"https:\/\/grildimfastfood.rs\/index.php\/palacinke\/","title":{"rendered":"Pala\u010dinke"},"content":{"rendered":"<div id=\"pl-185\"  class=\"panel-layout\" ><div id=\"pg-185-0\"  class=\"panel-grid panel-no-style\" ><div id=\"pgc-185-0-0\"  class=\"panel-grid-cell\" ><div id=\"panel-185-0-0-0\" class=\"so-panel widget widget_divider panel-first-child panel-last-child\" data-index=\"0\" ><div\n\t\t\t\n\t\t\tclass=\"so-widget-divider so-widget-divider-divider-style-d75171398898-185\"\n\t\t\t\n\t\t>\r\n\r\n\r\n\r\n<hr class=\"so-divider\" style=\"border-style:solid; border-width:0 0 4px 0; border-color:#e63030; margin-top: px; margin-bottom: px; \"><\/div><\/div><\/div><\/div><div id=\"pg-185-1\"  class=\"panel-grid panel-has-style\" ><div class=\"panel-row-style panel-row-style-for-185-1\" ><div id=\"pgc-185-1-0\"  class=\"panel-grid-cell\" ><div id=\"panel-185-1-0-0\" class=\"so-panel widget widget_sow-editor panel-first-child panel-last-child\" data-index=\"1\" ><div\n\t\t\t\n\t\t\tclass=\"so-widget-sow-editor so-widget-sow-editor-base\"\n\t\t\t\n\t\t>\n<div class=\"siteorigin-widget-tinymce textwidget\">\n\t<p><img loading=\"lazy\" decoding=\"async\" class=\"alignnone size-medium wp-image-221\" src=\"http:\/\/grildimfastfood.rs\/wp-content\/uploads\/2017\/03\/Prazna-pal-300x225.jpg\" alt=\"\" width=\"300\" height=\"225\" srcset=\"https:\/\/grildimfastfood.rs\/wp-content\/uploads\/2017\/03\/Prazna-pal-300x225.jpg 300w, https:\/\/grildimfastfood.rs\/wp-content\/uploads\/2017\/03\/Prazna-pal.jpg 400w\" sizes=\"auto, (max-width: 300px) 100vw, 300px\" \/><\/p>\n<\/div>\n<\/div><\/div><\/div><div id=\"pgc-185-1-1\"  class=\"panel-grid-cell\" ><div id=\"panel-185-1-1-0\" class=\"so-panel widget widget_sow-editor panel-first-child panel-last-child\" data-index=\"2\" ><div\n\t\t\t\n\t\t\tclass=\"so-widget-sow-editor so-widget-sow-editor-base\"\n\t\t\t\n\t\t>\n<div class=\"siteorigin-widget-tinymce textwidget\">\n\t<h4>Prazna pala\u010dinka<\/h4>\n<p>Nije gre\u0161ka, mi napravimo, a vi je kod ku\u0107e filujete sa \u010dime ho\u0107ete.<\/p>\n<h4><span style=\"color: #e63030;\">190 dinara<\/span><\/h4>\n<\/div>\n<\/div><\/div><\/div><div id=\"pgc-185-1-2\"  class=\"panel-grid-cell\" ><div id=\"panel-185-1-2-0\" class=\"so-panel widget widget_sow-editor panel-first-child panel-last-child\" data-index=\"3\" ><div\n\t\t\t\n\t\t\tclass=\"so-widget-sow-editor so-widget-sow-editor-base\"\n\t\t\t\n\t\t>\n<div class=\"siteorigin-widget-tinymce textwidget\">\n\t<p><img loading=\"lazy\" decoding=\"async\" class=\"alignnone size-medium wp-image-232\" src=\"http:\/\/grildimfastfood.rs\/wp-content\/uploads\/2017\/03\/secer-300x225.jpg\" alt=\"\" width=\"300\" height=\"225\" srcset=\"https:\/\/grildimfastfood.rs\/wp-content\/uploads\/2017\/03\/secer-300x225.jpg 300w, https:\/\/grildimfastfood.rs\/wp-content\/uploads\/2017\/03\/secer.jpg 640w\" sizes=\"auto, (max-width: 300px) 100vw, 300px\" \/><\/p>\n<\/div>\n<\/div><\/div><\/div><div id=\"pgc-185-1-3\"  class=\"panel-grid-cell\" ><div id=\"panel-185-1-3-0\" class=\"so-panel widget widget_sow-editor panel-first-child panel-last-child\" data-index=\"4\" ><div\n\t\t\t\n\t\t\tclass=\"so-widget-sow-editor so-widget-sow-editor-base\"\n\t\t\t\n\t\t>\n<div class=\"siteorigin-widget-tinymce textwidget\">\n\t<h4>Pala\u010dinka sa \u0161e\u0107erom<\/h4>\n<p>Pala\u010dinka punjena sitnim \u0161e\u0107erom<\/p>\n<h4><span style=\"color: #e63030;\">220 dinara<\/span><\/h4>\n<\/div>\n<\/div><\/div><\/div><\/div><\/div><div id=\"pg-185-2\"  class=\"panel-grid panel-has-style\" ><div class=\"panel-row-style panel-row-style-for-185-2\" ><div id=\"pgc-185-2-0\"  class=\"panel-grid-cell\" ><div id=\"panel-185-2-0-0\" class=\"so-panel widget widget_sow-editor panel-first-child panel-last-child\" data-index=\"5\" ><div\n\t\t\t\n\t\t\tclass=\"so-widget-sow-editor so-widget-sow-editor-base\"\n\t\t\t\n\t\t>\n<div class=\"siteorigin-widget-tinymce textwidget\">\n\t<p><img loading=\"lazy\" decoding=\"async\" class=\"alignnone size-full wp-image-223\" src=\"http:\/\/grildimfastfood.rs\/wp-content\/uploads\/2017\/03\/dzem.jpg\" alt=\"\" width=\"259\" height=\"194\" \/><\/p>\n<\/div>\n<\/div><\/div><\/div><div id=\"pgc-185-2-1\"  class=\"panel-grid-cell\" ><div id=\"panel-185-2-1-0\" class=\"so-panel widget widget_sow-editor panel-first-child panel-last-child\" data-index=\"6\" ><div\n\t\t\t\n\t\t\tclass=\"so-widget-sow-editor so-widget-sow-editor-base\"\n\t\t\t\n\t\t>\n<div class=\"siteorigin-widget-tinymce textwidget\">\n\t<h4>Pala\u010dinka sa dzemom<\/h4>\n<p>Pala\u010dinka\u00a0filovana doma\u0107im dzemom<\/p>\n<h4><span style=\"color: #e63030;\">230 dinara<\/span><\/h4>\n<\/div>\n<\/div><\/div><\/div><div id=\"pgc-185-2-2\"  class=\"panel-grid-cell\" ><div id=\"panel-185-2-2-0\" class=\"so-panel widget widget_sow-editor panel-first-child panel-last-child\" data-index=\"7\" ><div\n\t\t\t\n\t\t\tclass=\"so-widget-sow-editor so-widget-sow-editor-base\"\n\t\t\t\n\t\t>\n<div class=\"siteorigin-widget-tinymce textwidget\">\n\t<p><img loading=\"lazy\" decoding=\"async\" class=\"alignnone size-full wp-image-224\" src=\"http:\/\/grildimfastfood.rs\/wp-content\/uploads\/2017\/03\/17321341_10206480326367133_2023604129_n.jpg\" alt=\"\" width=\"284\" height=\"177\" \/><\/p>\n<\/div>\n<\/div><\/div><\/div><div id=\"pgc-185-2-3\"  class=\"panel-grid-cell\" ><div id=\"panel-185-2-3-0\" class=\"so-panel widget widget_sow-editor panel-first-child panel-last-child\" data-index=\"8\" ><div\n\t\t\t\n\t\t\tclass=\"so-widget-sow-editor so-widget-sow-editor-base\"\n\t\t\t\n\t\t>\n<div class=\"siteorigin-widget-tinymce textwidget\">\n\t<h4>Pala\u010dinka sa\u00a0eurokremom<\/h4>\n<p>Pala\u010dinka\u00a0filovana crnim i belim eurokremom<\/p>\n<h4><span style=\"color: #e63030;\">280\u00a0dinara<\/span><\/h4>\n<\/div>\n<\/div><\/div><\/div><\/div><\/div><div id=\"pg-185-3\"  class=\"panel-grid panel-has-style\" ><div class=\"panel-row-style panel-row-style-for-185-3\" ><div id=\"pgc-185-3-0\"  class=\"panel-grid-cell\" ><div id=\"panel-185-3-0-0\" class=\"so-panel widget widget_sow-editor panel-first-child panel-last-child\" data-index=\"9\" ><div\n\t\t\t\n\t\t\tclass=\"so-widget-sow-editor so-widget-sow-editor-base\"\n\t\t\t\n\t\t>\n<div class=\"siteorigin-widget-tinymce textwidget\">\n\t<p><img loading=\"lazy\" decoding=\"async\" class=\"alignnone size-medium wp-image-225\" src=\"http:\/\/grildimfastfood.rs\/wp-content\/uploads\/2017\/03\/e-i-p-300x150.jpg\" alt=\"\" width=\"300\" height=\"150\" srcset=\"https:\/\/grildimfastfood.rs\/wp-content\/uploads\/2017\/03\/e-i-p-300x150.jpg 300w, https:\/\/grildimfastfood.rs\/wp-content\/uploads\/2017\/03\/e-i-p.jpg 640w\" sizes=\"auto, (max-width: 300px) 100vw, 300px\" \/><\/p>\n<\/div>\n<\/div><\/div><\/div><div id=\"pgc-185-3-1\"  class=\"panel-grid-cell\" ><div id=\"panel-185-3-1-0\" class=\"so-panel widget widget_sow-editor panel-first-child panel-last-child\" data-index=\"10\" ><div\n\t\t\t\n\t\t\tclass=\"so-widget-sow-editor so-widget-sow-editor-base\"\n\t\t\t\n\t\t>\n<div class=\"siteorigin-widget-tinymce textwidget\">\n\t<h4>Pala\u010dinka sa\u00a0eurokremom i plazmom<\/h4>\n<p>Pala\u010dinka filovana crnim i belim eurokremom i mlevenim plazma keksom<\/p>\n<h4><span style=\"color: #e63030;\">300 dinara<\/span><\/h4>\n<\/div>\n<\/div><\/div><\/div><div id=\"pgc-185-3-2\"  class=\"panel-grid-cell\" ><div id=\"panel-185-3-2-0\" class=\"so-panel widget widget_sow-editor panel-first-child panel-last-child\" data-index=\"11\" ><div\n\t\t\t\n\t\t\tclass=\"so-widget-sow-editor so-widget-sow-editor-base\"\n\t\t\t\n\t\t>\n<div class=\"siteorigin-widget-tinymce textwidget\">\n\t<p><img loading=\"lazy\" decoding=\"async\" class=\"alignnone size-medium wp-image-228\" src=\"http:\/\/grildimfastfood.rs\/wp-content\/uploads\/2017\/03\/nutela-300x178.jpg\" alt=\"\" width=\"300\" height=\"178\" srcset=\"https:\/\/grildimfastfood.rs\/wp-content\/uploads\/2017\/03\/nutela-300x178.jpg 300w, https:\/\/grildimfastfood.rs\/wp-content\/uploads\/2017\/03\/nutela.jpg 610w\" sizes=\"auto, (max-width: 300px) 100vw, 300px\" \/><\/p>\n<\/div>\n<\/div><\/div><\/div><div id=\"pgc-185-3-3\"  class=\"panel-grid-cell\" ><div id=\"panel-185-3-3-0\" class=\"so-panel widget widget_sow-editor panel-first-child panel-last-child\" data-index=\"12\" ><div\n\t\t\t\n\t\t\tclass=\"so-widget-sow-editor so-widget-sow-editor-base\"\n\t\t\t\n\t\t>\n<div class=\"siteorigin-widget-tinymce textwidget\">\n\t<h4>Pala\u010dinka sa\u00a0nutelom<\/h4>\n<p>Pala\u010dinka filovana\u00a0nutelom<\/p>\n<h4><span style=\"color: #e63030;\">310 dinara<\/span><\/h4>\n<\/div>\n<\/div><\/div><\/div><\/div><\/div><div id=\"pg-185-4\"  class=\"panel-grid panel-has-style\" ><div class=\"panel-row-style panel-row-style-for-185-4\" ><div id=\"pgc-185-4-0\"  class=\"panel-grid-cell\" ><div id=\"panel-185-4-0-0\" class=\"so-panel widget widget_sow-editor panel-first-child panel-last-child\" data-index=\"13\" ><div\n\t\t\t\n\t\t\tclass=\"so-widget-sow-editor so-widget-sow-editor-base\"\n\t\t\t\n\t\t>\n<div class=\"siteorigin-widget-tinymce textwidget\">\n\t<p><img loading=\"lazy\" decoding=\"async\" class=\"alignnone size-medium wp-image-227\" src=\"http:\/\/grildimfastfood.rs\/wp-content\/uploads\/2017\/03\/nutela-plaza-300x199.jpg\" alt=\"\" width=\"300\" height=\"199\" srcset=\"https:\/\/grildimfastfood.rs\/wp-content\/uploads\/2017\/03\/nutela-plaza-300x199.jpg 300w, https:\/\/grildimfastfood.rs\/wp-content\/uploads\/2017\/03\/nutela-plaza.jpg 370w\" sizes=\"auto, (max-width: 300px) 100vw, 300px\" \/><\/p>\n<\/div>\n<\/div><\/div><\/div><div id=\"pgc-185-4-1\"  class=\"panel-grid-cell\" ><div id=\"panel-185-4-1-0\" class=\"so-panel widget widget_sow-editor panel-first-child panel-last-child\" data-index=\"14\" ><div\n\t\t\t\n\t\t\tclass=\"so-widget-sow-editor so-widget-sow-editor-base\"\n\t\t\t\n\t\t>\n<div class=\"siteorigin-widget-tinymce textwidget\">\n\t<h4>Pala\u010dinka sa nutelom i plazmom<\/h4>\n<p>Pala\u010dinka filovana nutelom\u00a0i mlevenim plazma keksom<\/p>\n<h4><span style=\"color: #e63030;\">340 dinara<\/span><\/h4>\n<\/div>\n<\/div><\/div><\/div><div id=\"pgc-185-4-2\"  class=\"panel-grid-cell\" ><div id=\"panel-185-4-2-0\" class=\"so-panel widget widget_sow-editor panel-first-child panel-last-child\" data-index=\"15\" ><div\n\t\t\t\n\t\t\tclass=\"so-widget-sow-editor so-widget-sow-editor-base\"\n\t\t\t\n\t\t>\n<div class=\"siteorigin-widget-tinymce textwidget\">\n\t<p><img loading=\"lazy\" decoding=\"async\" class=\"alignnone size-medium wp-image-226\" src=\"http:\/\/grildimfastfood.rs\/wp-content\/uploads\/2017\/03\/snickers-palacinke-925x550-300x178.jpg\" alt=\"\" width=\"300\" height=\"178\" srcset=\"https:\/\/grildimfastfood.rs\/wp-content\/uploads\/2017\/03\/snickers-palacinke-925x550-300x178.jpg 300w, https:\/\/grildimfastfood.rs\/wp-content\/uploads\/2017\/03\/snickers-palacinke-925x550-768x457.jpg 768w, https:\/\/grildimfastfood.rs\/wp-content\/uploads\/2017\/03\/snickers-palacinke-925x550.jpg 925w\" sizes=\"auto, (max-width: 300px) 100vw, 300px\" \/><\/p>\n<\/div>\n<\/div><\/div><\/div><div id=\"pgc-185-4-3\"  class=\"panel-grid-cell\" ><div id=\"panel-185-4-3-0\" class=\"so-panel widget widget_sow-editor panel-first-child panel-last-child\" data-index=\"16\" ><div\n\t\t\t\n\t\t\tclass=\"so-widget-sow-editor so-widget-sow-editor-base\"\n\t\t\t\n\t\t>\n<div class=\"siteorigin-widget-tinymce textwidget\">\n\t<h4>Snikers pala\u010dinka<\/h4>\n<p>pala\u010dinka filovana nutelom, kikirikijem i karamel prelivom<\/p>\n<h4><span style=\"color: #e63030;\">410 dinara<\/span><\/h4>\n<\/div>\n<\/div><\/div><\/div><\/div><\/div><div id=\"pg-185-5\"  class=\"panel-grid panel-no-style\" ><div id=\"pgc-185-5-0\"  class=\"panel-grid-cell\" ><div id=\"panel-185-5-0-0\" class=\"so-panel widget widget_divider panel-first-child panel-last-child\" data-index=\"17\" ><div\n\t\t\t\n\t\t\tclass=\"so-widget-divider so-widget-divider-divider-style-d75171398898-185\"\n\t\t\t\n\t\t>\r\n\r\n\r\n\r\n<hr class=\"so-divider\" style=\"border-style:solid; border-width:0 0 4px 0; border-color:#e63030; margin-top: px; margin-bottom: px; \"><\/div><\/div><\/div><\/div><div id=\"pg-185-6\"  class=\"panel-grid panel-no-style\" ><div id=\"pgc-185-6-0\"  class=\"panel-grid-cell\" ><div id=\"panel-185-6-0-0\" class=\"so-panel widget widget_sow-editor panel-first-child panel-last-child\" data-index=\"18\" ><div class=\"panel-widget-style panel-widget-style-for-185-6-0-0\" ><div\n\t\t\t\n\t\t\tclass=\"so-widget-sow-editor so-widget-sow-editor-base\"\n\t\t\t\n\t\t>\n<div class=\"siteorigin-widget-tinymce textwidget\">\n\t<h2 style=\"text-align: center;\"><span style=\"color: #ffffff;\">Ili ste mo\u017eda za slane pala\u010dinke?<\/span><\/h2>\n<h3 style=\"text-align: center;\"><span style=\"color: #ffffff;\">Nema problema.<\/span><br \/>\n<\/h3>\n<\/div>\n<\/div><\/div><\/div><\/div><\/div><div id=\"pg-185-7\"  class=\"panel-grid panel-no-style\" ><div id=\"pgc-185-7-0\"  class=\"panel-grid-cell\" ><div id=\"panel-185-7-0-0\" class=\"so-panel widget widget_divider panel-first-child panel-last-child\" data-index=\"19\" ><div\n\t\t\t\n\t\t\tclass=\"so-widget-divider so-widget-divider-divider-style-d75171398898-185\"\n\t\t\t\n\t\t>\r\n\r\n\r\n\r\n<hr class=\"so-divider\" style=\"border-style:solid; border-width:0 0 4px 0; border-color:#e63030; margin-top: px; margin-bottom: px; \"><\/div><\/div><\/div><\/div><div id=\"pg-185-8\"  class=\"panel-grid panel-has-style\" ><div class=\"panel-row-style panel-row-style-for-185-8\" ><div id=\"pgc-185-8-0\"  class=\"panel-grid-cell\" ><div id=\"panel-185-8-0-0\" class=\"so-panel widget widget_sow-editor panel-first-child panel-last-child\" data-index=\"20\" ><div\n\t\t\t\n\t\t\tclass=\"so-widget-sow-editor so-widget-sow-editor-base\"\n\t\t\t\n\t\t>\n<div class=\"siteorigin-widget-tinymce textwidget\">\n\t<p><img loading=\"lazy\" decoding=\"async\" class=\"alignnone size-medium wp-image-233\" src=\"http:\/\/grildimfastfood.rs\/wp-content\/uploads\/2017\/03\/suka-300x150.jpg\" alt=\"\" width=\"300\" height=\"150\" srcset=\"https:\/\/grildimfastfood.rs\/wp-content\/uploads\/2017\/03\/suka-300x150.jpg 300w, https:\/\/grildimfastfood.rs\/wp-content\/uploads\/2017\/03\/suka.jpg 600w\" sizes=\"auto, (max-width: 300px) 100vw, 300px\" \/><\/p>\n<\/div>\n<\/div><\/div><\/div><div id=\"pgc-185-8-1\"  class=\"panel-grid-cell\" ><div id=\"panel-185-8-1-0\" class=\"so-panel widget widget_sow-editor panel-first-child panel-last-child\" data-index=\"21\" ><div\n\t\t\t\n\t\t\tclass=\"so-widget-sow-editor so-widget-sow-editor-base\"\n\t\t\t\n\t\t>\n<div class=\"siteorigin-widget-tinymce textwidget\">\n\t<h4>Slana pala\u010dinka sa \u0161unkom<\/h4>\n<p>\u0161unka, ka\u010dkavalj, ke\u010dap, pavlaka<\/p>\n<h4><span style=\"color: #e63030;\">460 dinara<\/span><\/h4>\n<\/div>\n<\/div><\/div><\/div><div id=\"pgc-185-8-2\"  class=\"panel-grid-cell\" ><div id=\"panel-185-8-2-0\" class=\"so-panel widget widget_sow-editor panel-first-child panel-last-child\" data-index=\"22\" ><div\n\t\t\t\n\t\t\tclass=\"so-widget-sow-editor so-widget-sow-editor-base\"\n\t\t\t\n\t\t>\n<div class=\"siteorigin-widget-tinymce textwidget\">\n\t<p><img loading=\"lazy\" decoding=\"async\" class=\"alignnone size-medium wp-image-234\" src=\"http:\/\/grildimfastfood.rs\/wp-content\/uploads\/2017\/03\/pecenica-300x198.jpg\" alt=\"\" width=\"300\" height=\"198\" srcset=\"https:\/\/grildimfastfood.rs\/wp-content\/uploads\/2017\/03\/pecenica-300x198.jpg 300w, https:\/\/grildimfastfood.rs\/wp-content\/uploads\/2017\/03\/pecenica.jpg 530w\" sizes=\"auto, (max-width: 300px) 100vw, 300px\" \/><\/p>\n<\/div>\n<\/div><\/div><\/div><div id=\"pgc-185-8-3\"  class=\"panel-grid-cell\" ><div id=\"panel-185-8-3-0\" class=\"so-panel widget widget_sow-editor panel-first-child panel-last-child\" data-index=\"23\" ><div\n\t\t\t\n\t\t\tclass=\"so-widget-sow-editor so-widget-sow-editor-base\"\n\t\t\t\n\t\t>\n<div class=\"siteorigin-widget-tinymce textwidget\">\n\t<h4>Slana pala\u010dinka sa\u00a0kulenom<\/h4>\n<p>kulen, ka\u010dkavalj, ke\u010dap, pavlaka<\/p>\n<h4><span style=\"color: #e63030;\">480 dinara<\/span><\/h4>\n<\/div>\n<\/div><\/div><\/div><\/div><\/div><div id=\"pg-185-9\"  class=\"panel-grid panel-has-style\" ><div class=\"panel-row-style panel-row-style-for-185-9\" ><div id=\"pgc-185-9-0\"  class=\"panel-grid-cell\" ><div id=\"panel-185-9-0-0\" class=\"so-panel widget widget_sow-editor panel-first-child panel-last-child\" data-index=\"24\" ><div\n\t\t\t\n\t\t\tclass=\"so-widget-sow-editor so-widget-sow-editor-base\"\n\t\t\t\n\t\t>\n<div class=\"siteorigin-widget-tinymce textwidget\">\n\t<p><img loading=\"lazy\" decoding=\"async\" class=\"alignnone size-full wp-image-235\" src=\"http:\/\/grildimfastfood.rs\/wp-content\/uploads\/2017\/03\/kulen.jpg\" alt=\"\" width=\"212\" height=\"237\" \/><\/p>\n<\/div>\n<\/div><\/div><\/div><div id=\"pgc-185-9-1\"  class=\"panel-grid-cell\" ><div id=\"panel-185-9-1-0\" class=\"so-panel widget widget_sow-editor panel-first-child panel-last-child\" data-index=\"25\" ><div\n\t\t\t\n\t\t\tclass=\"so-widget-sow-editor so-widget-sow-editor-base\"\n\t\t\t\n\t\t>\n<div class=\"siteorigin-widget-tinymce textwidget\">\n\t<h4>Slana pala\u010dinka sa\u00a0pe\u010denicom<\/h4>\n<p>pe\u010denica, ka\u010dkavalj, ke\u010dap, pavlaka<\/p>\n<h4><span style=\"color: #e63030;\">480 dinara<\/span><\/h4>\n<\/div>\n<\/div><\/div><\/div><div id=\"pgc-185-9-2\"  class=\"panel-grid-cell\" ><div id=\"panel-185-9-2-0\" class=\"so-panel widget widget_sow-editor panel-first-child panel-last-child\" data-index=\"26\" ><div\n\t\t\t\n\t\t\tclass=\"so-widget-sow-editor so-widget-sow-editor-base\"\n\t\t\t\n\t\t>\n<div class=\"siteorigin-widget-tinymce textwidget\">\n\t<p><img loading=\"lazy\" decoding=\"async\" class=\"alignnone size-medium wp-image-236\" src=\"http:\/\/grildimfastfood.rs\/wp-content\/uploads\/2017\/03\/3-u1-300x200.jpg\" alt=\"\" width=\"300\" height=\"200\" srcset=\"https:\/\/grildimfastfood.rs\/wp-content\/uploads\/2017\/03\/3-u1.jpg 300w, https:\/\/grildimfastfood.rs\/wp-content\/uploads\/2017\/03\/3-u1-272x182.jpg 272w\" sizes=\"auto, (max-width: 300px) 100vw, 300px\" \/><\/p>\n<\/div>\n<\/div><\/div><\/div><div id=\"pgc-185-9-3\"  class=\"panel-grid-cell\" ><div id=\"panel-185-9-3-0\" class=\"so-panel widget widget_sow-editor panel-first-child panel-last-child\" data-index=\"27\" ><div\n\t\t\t\n\t\t\tclass=\"so-widget-sow-editor so-widget-sow-editor-base\"\n\t\t\t\n\t\t>\n<div class=\"siteorigin-widget-tinymce textwidget\">\n\t<h4>Slana pala\u010dinka 3 u 1<\/h4>\n<p>\u0161unka, kulen, pe\u010denica, ka\u010dkavalj, ke\u010dap, pavlaka<\/p>\n<h4><span style=\"color: #e63030;\">520 dinara<\/span><\/h4>\n<\/div>\n<\/div><\/div><\/div><\/div><\/div><div id=\"pg-185-10\"  class=\"panel-grid panel-no-style\" ><div id=\"pgc-185-10-0\"  class=\"panel-grid-cell\" ><div id=\"panel-185-10-0-0\" class=\"so-panel widget widget_divider panel-first-child panel-last-child\" data-index=\"28\" ><div\n\t\t\t\n\t\t\tclass=\"so-widget-divider so-widget-divider-divider-style-d75171398898-185\"\n\t\t\t\n\t\t>\r\n\r\n\r\n\r\n<hr class=\"so-divider\" style=\"border-style:solid; border-width:0 0 4px 0; border-color:#e63030; margin-top: px; margin-bottom: px; \"><\/div><\/div><\/div><\/div><div id=\"pg-185-11\"  class=\"panel-grid panel-no-style\" ><div id=\"pgc-185-11-0\"  class=\"panel-grid-cell\" ><div id=\"panel-185-11-0-0\" class=\"so-panel widget widget_sow-editor panel-first-child panel-last-child\" data-index=\"29\" ><div class=\"panel-widget-style panel-widget-style-for-185-11-0-0\" ><div\n\t\t\t\n\t\t\tclass=\"so-widget-sow-editor so-widget-sow-editor-base\"\n\t\t\t\n\t\t>\n<div class=\"siteorigin-widget-tinymce textwidget\">\n\t<h2 style=\"text-align: center;\"><span style=\"color: #ffffff;\">Da bi Vam pala\u010dinke bile ukusnije uzmite neki dodatak<\/span><\/h2>\n<h3 style=\"text-align: center;\"><span style=\"color: #ffffff;\">Banana, vi\u0161nja, ananas, kokos, le\u0161nik, orah, badem, karamel preliv,suvo gro\u017e\u0111e, malina preliv, \u0161umsko vo\u0107e<\/span><br \/>\n<span style=\"color: #ffffff;\">*Na\u017ealost napla\u0107uje se <strong>70 dinara<\/strong> po dodatku, ali se isplati*<\/span><\/h3>\n<\/div>\n<\/div><\/div><\/div><\/div><\/div><div id=\"pg-185-12\"  class=\"panel-grid panel-no-style\" ><div id=\"pgc-185-12-0\"  class=\"panel-grid-cell\" ><div id=\"panel-185-12-0-0\" class=\"so-panel widget widget_divider panel-first-child panel-last-child\" data-index=\"30\" ><div\n\t\t\t\n\t\t\tclass=\"so-widget-divider so-widget-divider-divider-style-d75171398898-185\"\n\t\t\t\n\t\t>\r\n\r\n\r\n\r\n<hr class=\"so-divider\" style=\"border-style:solid; border-width:0 0 4px 0; border-color:#e63030; margin-top: px; margin-bottom: px; \"><\/div><\/div><\/div><\/div><div id=\"pg-185-13\"  class=\"panel-grid panel-no-style\" ><div id=\"pgc-185-13-0\"  class=\"panel-grid-cell\" ><div id=\"panel-185-13-0-0\" class=\"so-panel widget widget_sow-button panel-first-child panel-last-child\" data-index=\"31\" ><div\n\t\t\t\n\t\t\tclass=\"so-widget-sow-button so-widget-sow-button-atom-a8f3f4fd44e4-185\"\n\t\t\t\n\t\t><div class=\"ow-button-base ow-button-align-center\"\n>\n\t\t\t<a\n\t\t\t\t\thref=\"https:\/\/grildimfastfood.rs\/index.php\/pica\/\"\n\t\t\t\t\tclass=\"sowb-button ow-icon-placement-left ow-button-hover\" \t>\n\t\t<span>\n\t\t\t\n\t\t\tMo\u017eda ste i za neko pi\u0107e uz ovakvo dobro jelo? &gt;&gt;\t\t<\/span>\n\t\t\t<\/a>\n\t<\/div>\n<\/div><\/div><\/div><\/div><div id=\"pg-185-14\"  class=\"panel-grid panel-no-style\" ><div id=\"pgc-185-14-0\"  class=\"panel-grid-cell\" ><div id=\"panel-185-14-0-0\" class=\"so-panel widget widget_divider panel-first-child panel-last-child\" data-index=\"32\" ><div\n\t\t\t\n\t\t\tclass=\"so-widget-divider so-widget-divider-divider-style-d75171398898-185\"\n\t\t\t\n\t\t>\r\n\r\n\r\n\r\n<hr class=\"so-divider\" style=\"border-style:solid; border-width:0 0 4px 0; border-color:#e63030; margin-top: px; margin-bottom: px; \"><\/div><\/div><\/div><\/div><\/div>","protected":false},"excerpt":{"rendered":"<p>Prazna pala\u010dinka Nije gre\u0161ka, mi napravimo, a vi je kod ku\u0107e filujete sa \u010dime ho\u0107ete. 190 dinara Pala\u010dinka sa \u0161e\u0107erom Pala\u010dinka punjena sitnim \u0161e\u0107erom 220 dinara<\/p>\n","protected":false},"author":1,"featured_media":0,"parent":0,"menu_order":0,"comment_status":"closed","ping_status":"closed","template":"","meta":{"om_disable_all_campaigns":false,"footnotes":""},"class_list":["post-185","page","type-page","status-publish","czr-hentry"],"_links":{"self":[{"href":"https:\/\/grildimfastfood.rs\/index.php\/wp-json\/wp\/v2\/pages\/185","targetHints":{"allow":["GET"]}}],"collection":[{"href":"https:\/\/grildimfastfood.rs\/index.php\/wp-json\/wp\/v2\/pages"}],"about":[{"href":"https:\/\/grildimfastfood.rs\/index.php\/wp-json\/wp\/v2\/types\/page"}],"author":[{"embeddable":true,"href":"https:\/\/grildimfastfood.rs\/index.php\/wp-json\/wp\/v2\/users\/1"}],"replies":[{"embeddable":true,"href":"https:\/\/grildimfastfood.rs\/index.php\/wp-json\/wp\/v2\/comments?post=185"}],"version-history":[{"count":5,"href":"https:\/\/grildimfastfood.rs\/index.php\/wp-json\/wp\/v2\/pages\/185\/revisions"}],"predecessor-version":[{"id":759,"href":"https:\/\/grildimfastfood.rs\/index.php\/wp-json\/wp\/v2\/pages\/185\/revisions\/759"}],"wp:attachment":[{"href":"https:\/\/grildimfastfood.rs\/index.php\/wp-json\/wp\/v2\/media?parent=185"}],"curies":[{"name":"wp","href":"https:\/\/api.w.org\/{rel}","templated":true}]}}